{"id":505,"date":"2026-02-24T16:40:59","date_gmt":"2026-02-24T16:40:59","guid":{"rendered":"https:\/\/dgem.ci\/?page_id=505"},"modified":"2026-02-24T17:22:49","modified_gmt":"2026-02-24T17:22:49","slug":"mot-du-dg","status":"publish","type":"page","link":"https:\/\/dgem.ci\/mot-du-dg\/","title":{"rendered":"Mot du DG"},"content":{"rendered":"\t\t<div data-elementor-type=\"wp-page\" data-elementor-id=\"505\" class=\"elementor elementor-505\">\n\t\t\t\t<div class=\"elementor-element elementor-element-dc2ab7c e-flex e-con-boxed e-con e-parent\" data-id=\"dc2ab7c\" data-element_type=\"container\" data-e-type=\"container\" data-settings=\"{&quot;background_background&quot;:&quot;classic&quot;}\">\n\t\t\t\t\t<div class=\"e-con-inner\">\n\t\t\t\t<div class=\"elementor-element elementor-element-cc55e28 elementor-widget elementor-widget-heading\" data-id=\"cc55e28\" data-element_type=\"widget\" data-e-type=\"widget\" data-widget_type=\"heading.default\">\n\t\t\t\t\t<h2 class=\"elementor-heading-title elementor-size-default\">Mot de la Directrice G\u00e9n\u00e9rale<\/h2>\t\t\t\t<\/div>\n\t\t\t\t\t<\/div>\n\t\t\t\t<\/div>\n\t\t<div class=\"elementor-element elementor-element-4b4aacb e-flex e-con-boxed e-con e-parent\" data-id=\"4b4aacb\" data-element_type=\"container\" data-e-type=\"container\">\n\t\t\t\t\t<div class=\"e-con-inner\">\n\t\t<div class=\"elementor-element elementor-element-2bac3ba e-con-full e-flex e-con e-child\" data-id=\"2bac3ba\" data-element_type=\"container\" data-e-type=\"container\">\n\t\t\t\t<div class=\"elementor-element elementor-element-c5fc020 elementor-widget elementor-widget-image\" data-id=\"c5fc020\" data-element_type=\"widget\" data-e-type=\"widget\" data-widget_type=\"image.default\">\n\t\t\t\t\t\t\t\t\t\t\t\t\t\t\t<img fetchpriority=\"high\" decoding=\"async\" width=\"300\" height=\"301\" src=\"https:\/\/dgem.ci\/wp-content\/uploads\/2026\/02\/PHOTO-2026-02-19-12-31-58.jpg\" class=\"attachment-large size-large wp-image-228\" alt=\"\" srcset=\"https:\/\/dgem.ci\/wp-content\/uploads\/2026\/02\/PHOTO-2026-02-19-12-31-58.jpg 300w, https:\/\/dgem.ci\/wp-content\/uploads\/2026\/02\/PHOTO-2026-02-19-12-31-58-150x150.jpg 150w\" sizes=\"(max-width: 300px) 100vw, 300px\" \/>\t\t\t\t\t\t\t\t\t\t\t\t\t\t\t<\/div>\n\t\t\t\t<div class=\"elementor-element elementor-element-6a09015 elementor-widget elementor-widget-heading\" data-id=\"6a09015\" data-element_type=\"widget\" data-e-type=\"widget\" data-widget_type=\"heading.default\">\n\t\t\t\t\t<h2 class=\"elementor-heading-title elementor-size-default\">Mme Dorcas ADOU<\/h2>\t\t\t\t<\/div>\n\t\t\t\t<div class=\"elementor-element elementor-element-5f6d548 elementor-widget elementor-widget-heading\" data-id=\"5f6d548\" data-element_type=\"widget\" data-e-type=\"widget\" data-widget_type=\"heading.default\">\n\t\t\t\t\t<h2 class=\"elementor-heading-title elementor-size-default\">Directrice G\u00e9n\u00e9rale<\/h2>\t\t\t\t<\/div>\n\t\t\t\t<\/div>\n\t\t<div class=\"elementor-element elementor-element-2e2f983 e-con-full e-flex e-con e-child\" data-id=\"2e2f983\" data-element_type=\"container\" data-e-type=\"container\">\n\t\t\t\t<div class=\"elementor-element elementor-element-b98f13b elementor-widget elementor-widget-heading\" data-id=\"b98f13b\" data-element_type=\"widget\" data-e-type=\"widget\" data-widget_type=\"heading.default\">\n\t\t\t\t\t<h2 class=\"elementor-heading-title elementor-size-default\">\u00c0 PROPOS DE NOUS<\/h2>\t\t\t\t<\/div>\n\t\t\t\t<div class=\"elementor-element elementor-element-1f5f0fe elementor-widget-divider--view-line elementor-widget elementor-widget-divider\" data-id=\"1f5f0fe\" data-element_type=\"widget\" data-e-type=\"widget\" data-widget_type=\"divider.default\">\n\t\t\t\t\t\t\t<div class=\"elementor-divider\">\n\t\t\t<span class=\"elementor-divider-separator\">\n\t\t\t\t\t\t<\/span>\n\t\t<\/div>\n\t\t\t\t\t\t<\/div>\n\t\t\t\t<div class=\"elementor-element elementor-element-64acb2e elementor-widget elementor-widget-heading\" data-id=\"64acb2e\" data-element_type=\"widget\" data-e-type=\"widget\" data-widget_type=\"heading.default\">\n\t\t\t\t\t<h2 class=\"elementor-heading-title elementor-size-default\">Mot de la Directrice G\u00e9n\u00e9rale<\/h2>\t\t\t\t<\/div>\n\t\t\t\t<div class=\"elementor-element elementor-element-1416f3f elementor-widget elementor-widget-text-editor\" data-id=\"1416f3f\" data-element_type=\"widget\" data-e-type=\"widget\" data-widget_type=\"text-editor.default\">\n\t\t\t\t\t\t\t\t\t<p>Au c\u0153ur de notre dispositif: TOUT L&rsquo;HOMME.<br \/>Nous travaillons ensemble sous le regard de DIEU, de l\u2019\u00c9tat et de l\u2019\u00c9glise pour les objectifs suivants:<\/p><ul><li>L&rsquo;\u00e9l\u00e8ve et sa r\u00e9ussite globale;<\/li><li>L&rsquo;enseignant, le non enseignant et leur \u00e9panouissement professionnel;<\/li><li>L\u2019\u00c9tat Nation et l&rsquo;\u00e9ducation pour tous et la formation des \u00e9lites;<\/li><li>L\u2019\u00c9glise et sa pr\u00e9sence vigilante et bienfaitrice pour monde d&rsquo;amour et de paix.<\/li><\/ul><p>Lorem ipsum dolor sit amet, consectetur adipiscing elit. Morbi pharetra molestie elementum. Morbi porta viverra nunc a aliquet. Curabitur nec mattis massa. Vivamus hendrerit velit ante, sit amet condimentum purus dignissim rutrum. Ut nec est ipsum. Curabitur tincidunt erat sit amet augue molestie condimentum. In hac habitasse platea dictumst. Nulla et sollicitudin tellus. Donec convallis eros magna, nec tempor sem condimentum sit amet. Sed at lorem porta nunc vestibulum tincidunt. Morbi non mollis mi. Praesent a leo fermentum velit dignissim mattis sed quis mauris. Praesent dapibus diam eros, at ultrices massa porttitor quis. Vestibulum urna eros, lacinia eget varius quis, mollis id urna.<\/p><div class=\"boxed\"><div id=\"lipsum\"><p>Fusce vitae rhoncus orci. Nunc malesuada, massa non fringilla varius, sapien risus rhoncus tellus, in suscipit sem risus eu nibh. Mauris blandit efficitur nisi a euismod. Donec finibus, felis vitae vehicula porttitor, nulla magna dapibus leo, id cursus nisl purus eget mauris. Cras nec nisi in nulla placerat fringilla. Sed varius, nunc eu tristique luctus, metus urna suscipit dui, in aliquam nulla augue sed ipsum. Ut rutrum volutpat imperdiet. Nunc condimentum tempus orci ornare fringilla. Fusce quis lacinia ex. Phasellus vel purus nec mi aliquet tempor. Cras vitae feugiat erat. Sed in mi nulla. Fusce ultricies bibendum maximus. Pellentesque habitant morbi tristique senectus et netus et malesuada fames ac turpis egestas. Suspendisse dignissim, velit non venenatis volutpat, diam leo rutrum diam, vitae porta dui velit non urna.<\/p><p>Curabitur scelerisque faucibus posuere. Nunc nec pretium quam. Etiam interdum volutpat sem, eget dapibus nisi. Nam elementum dui mauris, id ornare mauris porttitor eget. Nam mollis tempor ante sed gravida. In ornare, orci ut tempor egestas, tellus magna varius arcu, quis tristique nulla magna ut quam. Morbi elementum purus eget luctus fermentum. Nullam cursus dolor luctus enim tincidunt, eu faucibus elit convallis.<\/p><\/div><\/div>\t\t\t\t\t\t\t\t<\/div>\n\t\t\t\t<\/div>\n\t\t\t\t\t<\/div>\n\t\t\t\t<\/div>\n\t\t\t\t<\/div>\n\t\t","protected":false},"excerpt":{"rendered":"<p>Mot de la Directrice G\u00e9n\u00e9rale Mme Dorcas ADOU Directrice G\u00e9n\u00e9rale \u00c0 PROPOS DE NOUS Mot de la Directrice G\u00e9n\u00e9rale Au [&hellip;]<\/p>\n","protected":false},"author":1,"featured_media":0,"parent":0,"menu_order":0,"comment_status":"closed","ping_status":"closed","template":"","meta":{"site-sidebar-layout":"no-sidebar","site-content-layout":"","ast-site-content-layout":"full-width-container","site-content-style":"default","site-sidebar-style":"default","ast-global-header-display":"","ast-banner-title-visibility":"","ast-main-header-display":"","ast-hfb-above-header-display":"","ast-hfb-below-header-display":"","ast-hfb-mobile-header-display":"","site-post-title":"disabled","ast-breadcrumbs-content":"","ast-featured-img":"disabled","footer-sml-layout":"","ast-disable-related-posts":"","theme-transparent-header-meta":"","adv-header-id-meta":"","stick-header-meta":"","header-above-stick-meta":"","header-main-stick-meta":"","header-below-stick-meta":"","astra-migrate-meta-layouts":"default","ast-page-background-enabled":"default","ast-page-background-meta":{"desktop":{"background-color":"var(--ast-global-color-5)","background-image":"","background-repeat":"repeat","background-position":"center center","background-size":"auto","background-attachment":"scroll","background-type":"","background-media":"","overlay-type":"","overlay-color":"","overlay-opacity":"","overlay-gradient":""},"tablet":{"background-color":"","background-image":"","background-repeat":"repeat","background-position":"center center","background-size":"auto","background-attachment":"scroll","background-type":"","background-media":"","overlay-type":"","overlay-color":"","overlay-opacity":"","overlay-gradient":""},"mobile":{"background-color":"","background-image":"","background-repeat":"repeat","background-position":"center center","background-size":"auto","background-attachment":"scroll","background-type":"","background-media":"","overlay-type":"","overlay-color":"","overlay-opacity":"","overlay-gradient":""}},"ast-content-background-meta":{"desktop":{"background-color":"var(--ast-global-color-4)","background-image":"","background-repeat":"repeat","background-position":"center center","background-size":"auto","background-attachment":"scroll","background-type":"","background-media":"","overlay-type":"","overlay-color":"","overlay-opacity":"","overlay-gradient":""},"tablet":{"background-color":"var(--ast-global-color-4)","background-image":"","background-repeat":"repeat","background-position":"center center","background-size":"auto","background-attachment":"scroll","background-type":"","background-media":"","overlay-type":"","overlay-color":"","overlay-opacity":"","overlay-gradient":""},"mobile":{"background-color":"var(--ast-global-color-4)","background-image":"","background-repeat":"repeat","background-position":"center center","background-size":"auto","background-attachment":"scroll","background-type":"","background-media":"","overlay-type":"","overlay-color":"","overlay-opacity":"","overlay-gradient":""}},"footnotes":""},"class_list":["post-505","page","type-page","status-publish","hentry"],"_links":{"self":[{"href":"https:\/\/dgem.ci\/wp-json\/wp\/v2\/pages\/505","targetHints":{"allow":["GET"]}}],"collection":[{"href":"https:\/\/dgem.ci\/wp-json\/wp\/v2\/pages"}],"about":[{"href":"https:\/\/dgem.ci\/wp-json\/wp\/v2\/types\/page"}],"author":[{"embeddable":true,"href":"https:\/\/dgem.ci\/wp-json\/wp\/v2\/users\/1"}],"replies":[{"embeddable":true,"href":"https:\/\/dgem.ci\/wp-json\/wp\/v2\/comments?post=505"}],"version-history":[{"count":12,"href":"https:\/\/dgem.ci\/wp-json\/wp\/v2\/pages\/505\/revisions"}],"predecessor-version":[{"id":524,"href":"https:\/\/dgem.ci\/wp-json\/wp\/v2\/pages\/505\/revisions\/524"}],"wp:attachment":[{"href":"https:\/\/dgem.ci\/wp-json\/wp\/v2\/media?parent=505"}],"curies":[{"name":"wp","href":"https:\/\/api.w.org\/{rel}","templated":true}]}}