{"id":510,"date":"2026-02-24T17:01:00","date_gmt":"2026-02-24T17:01:00","guid":{"rendered":"https:\/\/dgem.ci\/?page_id=510"},"modified":"2026-03-17T14:36:28","modified_gmt":"2026-03-17T14:36:28","slug":"equipe","status":"publish","type":"page","link":"https:\/\/dgem.ci\/equipe\/","title":{"rendered":"\u00c9quipe"},"content":{"rendered":"\t\t<div data-elementor-type=\"wp-page\" data-elementor-id=\"510\" class=\"elementor elementor-510\">\n\t\t\t\t<div class=\"elementor-element elementor-element-5ad518a e-flex e-con-boxed e-con e-parent\" data-id=\"5ad518a\" data-element_type=\"container\" data-e-type=\"container\" data-settings=\"{&quot;background_background&quot;:&quot;classic&quot;}\">\n\t\t\t\t\t<div class=\"e-con-inner\">\n\t\t\t\t<div class=\"elementor-element elementor-element-af92ee1 elementor-widget elementor-widget-heading\" data-id=\"af92ee1\" data-element_type=\"widget\" data-e-type=\"widget\" data-widget_type=\"heading.default\">\n\t\t\t\t\t<h2 class=\"elementor-heading-title elementor-size-default\">Notre \u00e9quipe<\/h2>\t\t\t\t<\/div>\n\t\t\t\t\t<\/div>\n\t\t\t\t<\/div>\n\t\t<div class=\"elementor-element elementor-element-c3944f0 e-flex e-con-boxed e-con e-parent\" data-id=\"c3944f0\" data-element_type=\"container\" data-e-type=\"container\">\n\t\t\t\t\t<div class=\"e-con-inner\">\n\t\t<div class=\"elementor-element elementor-element-e07178a e-con-full e-flex e-con e-child\" data-id=\"e07178a\" data-element_type=\"container\" data-e-type=\"container\">\n\t\t\t\t<div class=\"elementor-element elementor-element-1b0120d elementor-widget elementor-widget-heading\" data-id=\"1b0120d\" data-element_type=\"widget\" data-e-type=\"widget\" data-widget_type=\"heading.default\">\n\t\t\t\t\t<h2 class=\"elementor-heading-title elementor-size-default\">\u00c0 PROPOS DE NOUS<\/h2>\t\t\t\t<\/div>\n\t\t\t\t<div class=\"elementor-element elementor-element-9e8339c elementor-widget-divider--view-line elementor-widget elementor-widget-divider\" data-id=\"9e8339c\" data-element_type=\"widget\" data-e-type=\"widget\" data-widget_type=\"divider.default\">\n\t\t\t\t\t\t\t<div class=\"elementor-divider\">\n\t\t\t<span class=\"elementor-divider-separator\">\n\t\t\t\t\t\t<\/span>\n\t\t<\/div>\n\t\t\t\t\t\t<\/div>\n\t\t\t\t<div class=\"elementor-element elementor-element-ca7ca92 elementor-widget elementor-widget-heading\" data-id=\"ca7ca92\" data-element_type=\"widget\" data-e-type=\"widget\" data-widget_type=\"heading.default\">\n\t\t\t\t\t<h2 class=\"elementor-heading-title elementor-size-default\">Le Conseil de Direction<\/h2>\t\t\t\t<\/div>\n\t\t\t\t<div class=\"elementor-element elementor-element-0148827 elementor-widget elementor-widget-image\" data-id=\"0148827\" data-element_type=\"widget\" data-e-type=\"widget\" data-widget_type=\"image.default\">\n\t\t\t\t\t\t\t\t\t\t\t\t\t\t\t<img fetchpriority=\"high\" decoding=\"async\" width=\"299\" height=\"300\" src=\"https:\/\/dgem.ci\/wp-content\/uploads\/2026\/02\/PHOTO-2026-02-19-12-31-58.jpg\" class=\"attachment-medium size-medium wp-image-228\" alt=\"\" srcset=\"https:\/\/dgem.ci\/wp-content\/uploads\/2026\/02\/PHOTO-2026-02-19-12-31-58.jpg 300w, https:\/\/dgem.ci\/wp-content\/uploads\/2026\/02\/PHOTO-2026-02-19-12-31-58-150x150.jpg 150w\" sizes=\"(max-width: 299px) 100vw, 299px\" \/>\t\t\t\t\t\t\t\t\t\t\t\t\t\t\t<\/div>\n\t\t\t\t<div class=\"elementor-element elementor-element-ac6d1f6 elementor-widget elementor-widget-heading\" data-id=\"ac6d1f6\" data-element_type=\"widget\" data-e-type=\"widget\" data-widget_type=\"heading.default\">\n\t\t\t\t\t<h2 class=\"elementor-heading-title elementor-size-default\">Mme Dorcas ADOU<\/h2>\t\t\t\t<\/div>\n\t\t\t\t<div class=\"elementor-element elementor-element-20890a5 elementor-widget elementor-widget-heading\" data-id=\"20890a5\" data-element_type=\"widget\" data-e-type=\"widget\" data-widget_type=\"heading.default\">\n\t\t\t\t\t<h2 class=\"elementor-heading-title elementor-size-default\">Directrice G\u00e9n\u00e9rale<\/h2>\t\t\t\t<\/div>\n\t\t\t\t<\/div>\n\t\t<div class=\"elementor-element elementor-element-9836e85 e-con-full e-flex e-con e-child\" data-id=\"9836e85\" data-element_type=\"container\" data-e-type=\"container\">\n\t\t\t\t<div class=\"elementor-element elementor-element-e6486ef elementor-widget elementor-widget-image\" data-id=\"e6486ef\" data-element_type=\"widget\" data-e-type=\"widget\" data-widget_type=\"image.default\">\n\t\t\t\t\t\t\t\t\t\t\t\t\t\t\t<img decoding=\"async\" width=\"300\" height=\"300\" src=\"https:\/\/dgem.ci\/wp-content\/uploads\/2026\/03\/ergvd-300x300.jpg\" class=\"attachment-medium size-medium wp-image-718\" alt=\"\" srcset=\"https:\/\/dgem.ci\/wp-content\/uploads\/2026\/03\/ergvd-300x300.jpg 300w, https:\/\/dgem.ci\/wp-content\/uploads\/2026\/03\/ergvd-150x150.jpg 150w, https:\/\/dgem.ci\/wp-content\/uploads\/2026\/03\/ergvd.jpg 455w\" sizes=\"(max-width: 300px) 100vw, 300px\" \/>\t\t\t\t\t\t\t\t\t\t\t\t\t\t\t<\/div>\n\t\t\t\t<div class=\"elementor-element elementor-element-70116ce elementor-widget elementor-widget-heading\" data-id=\"70116ce\" data-element_type=\"widget\" data-e-type=\"widget\" data-widget_type=\"heading.default\">\n\t\t\t\t\t<h2 class=\"elementor-heading-title elementor-size-default\">N'Chemian AKIN<\/h2>\t\t\t\t<\/div>\n\t\t\t\t<div class=\"elementor-element elementor-element-bd7771f elementor-widget elementor-widget-heading\" data-id=\"bd7771f\" data-element_type=\"widget\" data-e-type=\"widget\" data-widget_type=\"heading.default\">\n\t\t\t\t\t<h2 class=\"elementor-heading-title elementor-size-default\">Directeur G\u00e9n\u00e9ral Adjoint<\/h2>\t\t\t\t<\/div>\n\t\t\t\t<\/div>\n\t\t<div class=\"elementor-element elementor-element-7562dae e-con-full e-flex e-con e-child\" data-id=\"7562dae\" data-element_type=\"container\" data-e-type=\"container\">\n\t\t\t\t<div class=\"elementor-element elementor-element-08e9a54 elementor-widget elementor-widget-image\" data-id=\"08e9a54\" data-element_type=\"widget\" data-e-type=\"widget\" data-widget_type=\"image.default\">\n\t\t\t\t\t\t\t\t\t\t\t\t\t\t\t<img decoding=\"async\" width=\"300\" height=\"300\" src=\"https:\/\/dgem.ci\/wp-content\/uploads\/2026\/03\/hhsd-300x300.jpg\" class=\"attachment-medium size-medium wp-image-717\" alt=\"\" srcset=\"https:\/\/dgem.ci\/wp-content\/uploads\/2026\/03\/hhsd-300x300.jpg 300w, https:\/\/dgem.ci\/wp-content\/uploads\/2026\/03\/hhsd-150x150.jpg 150w, https:\/\/dgem.ci\/wp-content\/uploads\/2026\/03\/hhsd.jpg 455w\" sizes=\"(max-width: 300px) 100vw, 300px\" \/>\t\t\t\t\t\t\t\t\t\t\t\t\t\t\t<\/div>\n\t\t\t\t<div class=\"elementor-element elementor-element-254cf93 elementor-widget elementor-widget-heading\" data-id=\"254cf93\" data-element_type=\"widget\" data-e-type=\"widget\" data-widget_type=\"heading.default\">\n\t\t\t\t\t<h2 class=\"elementor-heading-title elementor-size-default\">Benjamin AHUNAM<\/h2>\t\t\t\t<\/div>\n\t\t\t\t<div class=\"elementor-element elementor-element-f0d1a8c elementor-widget elementor-widget-heading\" data-id=\"f0d1a8c\" data-element_type=\"widget\" data-e-type=\"widget\" data-widget_type=\"heading.default\">\n\t\t\t\t\t<h2 class=\"elementor-heading-title elementor-size-default\">Directeur Financier et Comptable<\/h2>\t\t\t\t<\/div>\n\t\t\t\t<\/div>\n\t\t<div class=\"elementor-element elementor-element-5bf68ab e-con-full e-flex e-con e-child\" data-id=\"5bf68ab\" data-element_type=\"container\" data-e-type=\"container\">\n\t\t\t\t<div class=\"elementor-element elementor-element-c5544fe elementor-widget elementor-widget-image\" data-id=\"c5544fe\" data-element_type=\"widget\" data-e-type=\"widget\" data-widget_type=\"image.default\">\n\t\t\t\t\t\t\t\t\t\t\t\t\t\t\t<img loading=\"lazy\" decoding=\"async\" width=\"300\" height=\"300\" src=\"https:\/\/dgem.ci\/wp-content\/uploads\/2026\/03\/jeed-300x300.jpg\" class=\"attachment-medium size-medium wp-image-719\" alt=\"\" srcset=\"https:\/\/dgem.ci\/wp-content\/uploads\/2026\/03\/jeed-300x300.jpg 300w, https:\/\/dgem.ci\/wp-content\/uploads\/2026\/03\/jeed-150x150.jpg 150w, https:\/\/dgem.ci\/wp-content\/uploads\/2026\/03\/jeed.jpg 455w\" sizes=\"(max-width: 300px) 100vw, 300px\" \/>\t\t\t\t\t\t\t\t\t\t\t\t\t\t\t<\/div>\n\t\t\t\t<div class=\"elementor-element elementor-element-cd3370e elementor-widget elementor-widget-heading\" data-id=\"cd3370e\" data-element_type=\"widget\" data-e-type=\"widget\" data-widget_type=\"heading.default\">\n\t\t\t\t\t<h2 class=\"elementor-heading-title elementor-size-default\">L\u00e9once Aga KOUAKOU<\/h2>\t\t\t\t<\/div>\n\t\t\t\t<div class=\"elementor-element elementor-element-f07ec92 elementor-widget elementor-widget-heading\" data-id=\"f07ec92\" data-element_type=\"widget\" data-e-type=\"widget\" data-widget_type=\"heading.default\">\n\t\t\t\t\t<h2 class=\"elementor-heading-title elementor-size-default\">Directeur des Ressources Humaines<\/h2>\t\t\t\t<\/div>\n\t\t\t\t<\/div>\n\t\t<div class=\"elementor-element elementor-element-ad18574 e-con-full e-flex e-con e-child\" data-id=\"ad18574\" data-element_type=\"container\" data-e-type=\"container\">\n\t\t\t\t<div class=\"elementor-element elementor-element-541300b elementor-widget elementor-widget-image\" data-id=\"541300b\" data-element_type=\"widget\" data-e-type=\"widget\" data-widget_type=\"image.default\">\n\t\t\t\t\t\t\t\t\t\t\t\t\t\t\t<img loading=\"lazy\" decoding=\"async\" width=\"300\" height=\"300\" src=\"https:\/\/dgem.ci\/wp-content\/uploads\/2026\/03\/cffdf-300x300.jpg\" class=\"attachment-medium size-medium wp-image-716\" alt=\"\" srcset=\"https:\/\/dgem.ci\/wp-content\/uploads\/2026\/03\/cffdf-300x300.jpg 300w, https:\/\/dgem.ci\/wp-content\/uploads\/2026\/03\/cffdf-150x150.jpg 150w, https:\/\/dgem.ci\/wp-content\/uploads\/2026\/03\/cffdf.jpg 455w\" sizes=\"(max-width: 300px) 100vw, 300px\" \/>\t\t\t\t\t\t\t\t\t\t\t\t\t\t\t<\/div>\n\t\t\t\t<div class=\"elementor-element elementor-element-48d20d5 elementor-widget elementor-widget-heading\" data-id=\"48d20d5\" data-element_type=\"widget\" data-e-type=\"widget\" data-widget_type=\"heading.default\">\n\t\t\t\t\t<h2 class=\"elementor-heading-title elementor-size-default\">Agoh David GOUA<\/h2>\t\t\t\t<\/div>\n\t\t\t\t<div class=\"elementor-element elementor-element-0a1e143 elementor-widget elementor-widget-heading\" data-id=\"0a1e143\" data-element_type=\"widget\" data-e-type=\"widget\" data-widget_type=\"heading.default\">\n\t\t\t\t\t<h2 class=\"elementor-heading-title elementor-size-default\">Directeur de la P\u00e9dagogie<\/h2>\t\t\t\t<\/div>\n\t\t\t\t<\/div>\n\t\t\t\t\t<\/div>\n\t\t\t\t<\/div>\n\t\t\t\t<\/div>\n\t\t","protected":false},"excerpt":{"rendered":"<p>Notre \u00e9quipe \u00c0 PROPOS DE NOUS Le Conseil de Direction Mme Dorcas ADOU Directrice G\u00e9n\u00e9rale N&rsquo;Chemian AKIN Directeur G\u00e9n\u00e9ral Adjoint [&hellip;]<\/p>\n","protected":false},"author":1,"featured_media":0,"parent":0,"menu_order":0,"comment_status":"closed","ping_status":"closed","template":"","meta":{"site-sidebar-layout":"no-sidebar","site-content-layout":"","ast-site-content-layout":"full-width-container","site-content-style":"default","site-sidebar-style":"default","ast-global-header-display":"","ast-banner-title-visibility":"","ast-main-header-display":"","ast-hfb-above-header-display":"","ast-hfb-below-header-display":"","ast-hfb-mobile-header-display":"","site-post-title":"disabled","ast-breadcrumbs-content":"","ast-featured-img":"disabled","footer-sml-layout":"","ast-disable-related-posts":"","theme-transparent-header-meta":"","adv-header-id-meta":"","stick-header-meta":"","header-above-stick-meta":"","header-main-stick-meta":"","header-below-stick-meta":"","astra-migrate-meta-layouts":"default","ast-page-background-enabled":"default","ast-page-background-meta":{"desktop":{"background-color":"var(--ast-global-color-5)","background-image":"","background-repeat":"repeat","background-position":"center center","background-size":"auto","background-attachment":"scroll","background-type":"","background-media":"","overlay-type":"","overlay-color":"","overlay-opacity":"","overlay-gradient":""},"tablet":{"background-color":"","background-image":"","background-repeat":"repeat","background-position":"center center","background-size":"auto","background-attachment":"scroll","background-type":"","background-media":"","overlay-type":"","overlay-color":"","overlay-opacity":"","overlay-gradient":""},"mobile":{"background-color":"","background-image":"","background-repeat":"repeat","background-position":"center center","background-size":"auto","background-attachment":"scroll","background-type":"","background-media":"","overlay-type":"","overlay-color":"","overlay-opacity":"","overlay-gradient":""}},"ast-content-background-meta":{"desktop":{"background-color":"var(--ast-global-color-4)","background-image":"","background-repeat":"repeat","background-position":"center center","background-size":"auto","background-attachment":"scroll","background-type":"","background-media":"","overlay-type":"","overlay-color":"","overlay-opacity":"","overlay-gradient":""},"tablet":{"background-color":"var(--ast-global-color-4)","background-image":"","background-repeat":"repeat","background-position":"center center","background-size":"auto","background-attachment":"scroll","background-type":"","background-media":"","overlay-type":"","overlay-color":"","overlay-opacity":"","overlay-gradient":""},"mobile":{"background-color":"var(--ast-global-color-4)","background-image":"","background-repeat":"repeat","background-position":"center center","background-size":"auto","background-attachment":"scroll","background-type":"","background-media":"","overlay-type":"","overlay-color":"","overlay-opacity":"","overlay-gradient":""}},"footnotes":""},"class_list":["post-510","page","type-page","status-publish","hentry"],"_links":{"self":[{"href":"https:\/\/dgem.ci\/wp-json\/wp\/v2\/pages\/510","targetHints":{"allow":["GET"]}}],"collection":[{"href":"https:\/\/dgem.ci\/wp-json\/wp\/v2\/pages"}],"about":[{"href":"https:\/\/dgem.ci\/wp-json\/wp\/v2\/types\/page"}],"author":[{"embeddable":true,"href":"https:\/\/dgem.ci\/wp-json\/wp\/v2\/users\/1"}],"replies":[{"embeddable":true,"href":"https:\/\/dgem.ci\/wp-json\/wp\/v2\/comments?post=510"}],"version-history":[{"count":35,"href":"https:\/\/dgem.ci\/wp-json\/wp\/v2\/pages\/510\/revisions"}],"predecessor-version":[{"id":839,"href":"https:\/\/dgem.ci\/wp-json\/wp\/v2\/pages\/510\/revisions\/839"}],"wp:attachment":[{"href":"https:\/\/dgem.ci\/wp-json\/wp\/v2\/media?parent=510"}],"curies":[{"name":"wp","href":"https:\/\/api.w.org\/{rel}","templated":true}]}}