{"id":549,"date":"2026-02-25T14:37:18","date_gmt":"2026-02-25T14:37:18","guid":{"rendered":"https:\/\/dgem.ci\/?page_id=549"},"modified":"2026-03-17T15:02:53","modified_gmt":"2026-03-17T15:02:53","slug":"secondaire","status":"publish","type":"page","link":"https:\/\/dgem.ci\/secondaire\/","title":{"rendered":"Secondaire"},"content":{"rendered":"\t\t<div data-elementor-type=\"wp-page\" data-elementor-id=\"549\" class=\"elementor elementor-549\">\n\t\t\t\t<div class=\"elementor-element elementor-element-2501d11 e-flex e-con-boxed e-con e-parent\" data-id=\"2501d11\" data-element_type=\"container\" data-e-type=\"container\" data-settings=\"{&quot;background_background&quot;:&quot;classic&quot;}\">\n\t\t\t\t\t<div class=\"e-con-inner\">\n\t\t\t\t<div class=\"elementor-element elementor-element-1811459 elementor-widget elementor-widget-heading\" data-id=\"1811459\" data-element_type=\"widget\" data-e-type=\"widget\" data-widget_type=\"heading.default\">\n\t\t\t\t\t<h2 class=\"elementor-heading-title elementor-size-default\">Secondaire<\/h2>\t\t\t\t<\/div>\n\t\t\t\t\t<\/div>\n\t\t\t\t<\/div>\n\t\t<div class=\"elementor-element elementor-element-1a7c5dc e-flex e-con-boxed e-con e-parent\" data-id=\"1a7c5dc\" data-element_type=\"container\" data-e-type=\"container\">\n\t\t\t\t\t<div class=\"e-con-inner\">\n\t\t\t\t<div class=\"elementor-element elementor-element-f079419 elementor-widget elementor-widget-heading\" data-id=\"f079419\" data-element_type=\"widget\" data-e-type=\"widget\" data-widget_type=\"heading.default\">\n\t\t\t\t\t<h2 class=\"elementor-heading-title elementor-size-default\">\u00c9TABLISSEMENTS<\/h2>\t\t\t\t<\/div>\n\t\t\t\t<div class=\"elementor-element elementor-element-023b37a elementor-widget-divider--view-line elementor-widget elementor-widget-divider\" data-id=\"023b37a\" data-element_type=\"widget\" data-e-type=\"widget\" data-widget_type=\"divider.default\">\n\t\t\t\t\t\t\t<div class=\"elementor-divider\">\n\t\t\t<span class=\"elementor-divider-separator\">\n\t\t\t\t\t\t<\/span>\n\t\t<\/div>\n\t\t\t\t\t\t<\/div>\n\t\t\t\t<div class=\"elementor-element elementor-element-6381753 elementor-widget elementor-widget-heading\" data-id=\"6381753\" data-element_type=\"widget\" data-e-type=\"widget\" data-widget_type=\"heading.default\">\n\t\t\t\t\t<h2 class=\"elementor-heading-title elementor-size-default\">\u00c9coles Secondaires M\u00e9thodistes<\/h2>\t\t\t\t<\/div>\n\t\t\t\t\t<\/div>\n\t\t\t\t<\/div>\n\t\t<div class=\"elementor-element elementor-element-4522356 e-flex e-con-boxed e-con e-parent\" data-id=\"4522356\" data-element_type=\"container\" data-e-type=\"container\">\n\t\t\t\t\t<div class=\"e-con-inner\">\n\t\t<div class=\"elementor-element elementor-element-de4393d e-con-full e-flex e-con e-child\" data-id=\"de4393d\" data-element_type=\"container\" data-e-type=\"container\">\n\t\t\t\t<div class=\"elementor-element elementor-element-d241468 elementor-widget elementor-widget-image\" data-id=\"d241468\" data-element_type=\"widget\" data-e-type=\"widget\" data-widget_type=\"image.default\">\n\t\t\t\t\t\t\t\t\t\t\t\t\t\t\t<img fetchpriority=\"high\" decoding=\"async\" width=\"300\" height=\"300\" src=\"https:\/\/dgem.ci\/wp-content\/uploads\/2026\/03\/ADIAKE-300x300.jpeg\" class=\"attachment-medium size-medium wp-image-587\" alt=\"\" srcset=\"https:\/\/dgem.ci\/wp-content\/uploads\/2026\/03\/ADIAKE-300x300.jpeg 300w, https:\/\/dgem.ci\/wp-content\/uploads\/2026\/03\/ADIAKE-1024x1024.jpeg 1024w, https:\/\/dgem.ci\/wp-content\/uploads\/2026\/03\/ADIAKE-150x150.jpeg 150w, https:\/\/dgem.ci\/wp-content\/uploads\/2026\/03\/ADIAKE-768x768.jpeg 768w, https:\/\/dgem.ci\/wp-content\/uploads\/2026\/03\/ADIAKE-1536x1536.jpeg 1536w, https:\/\/dgem.ci\/wp-content\/uploads\/2026\/03\/ADIAKE-2048x2048.jpeg 2048w\" sizes=\"(max-width: 300px) 100vw, 300px\" \/>\t\t\t\t\t\t\t\t\t\t\t\t\t\t\t<\/div>\n\t\t\t\t<div class=\"elementor-element elementor-element-490a16e elementor-widget elementor-widget-button\" data-id=\"490a16e\" data-element_type=\"widget\" data-e-type=\"widget\" data-widget_type=\"button.default\">\n\t\t\t\t\t\t\t\t\t\t<a class=\"elementor-button elementor-button-link elementor-size-sm elementor-animation-push\" href=\"#\">\n\t\t\t\t\t\t<span class=\"elementor-button-content-wrapper\">\n\t\t\t\t\t\t\t\t\t<span class=\"elementor-button-text\">Cours Secondaire M\u00e9thodiste Adiak\u00e9<\/span>\n\t\t\t\t\t<\/span>\n\t\t\t\t\t<\/a>\n\t\t\t\t\t\t\t\t<\/div>\n\t\t\t\t<\/div>\n\t\t<div class=\"elementor-element elementor-element-529e69c e-con-full e-flex e-con e-child\" data-id=\"529e69c\" data-element_type=\"container\" data-e-type=\"container\">\n\t\t\t\t<div class=\"elementor-element elementor-element-7cd67d2 elementor-widget elementor-widget-image\" data-id=\"7cd67d2\" data-element_type=\"widget\" data-e-type=\"widget\" data-widget_type=\"image.default\">\n\t\t\t\t\t\t\t\t\t\t\t\t\t\t\t<img decoding=\"async\" width=\"300\" height=\"300\" src=\"https:\/\/dgem.ci\/wp-content\/uploads\/2026\/03\/ANGRE-300x300.jpeg\" class=\"attachment-medium size-medium wp-image-586\" alt=\"\" srcset=\"https:\/\/dgem.ci\/wp-content\/uploads\/2026\/03\/ANGRE-300x300.jpeg 300w, https:\/\/dgem.ci\/wp-content\/uploads\/2026\/03\/ANGRE-1024x1024.jpeg 1024w, https:\/\/dgem.ci\/wp-content\/uploads\/2026\/03\/ANGRE-150x150.jpeg 150w, https:\/\/dgem.ci\/wp-content\/uploads\/2026\/03\/ANGRE-768x768.jpeg 768w, https:\/\/dgem.ci\/wp-content\/uploads\/2026\/03\/ANGRE-1536x1536.jpeg 1536w, https:\/\/dgem.ci\/wp-content\/uploads\/2026\/03\/ANGRE-2048x2048.jpeg 2048w\" sizes=\"(max-width: 300px) 100vw, 300px\" \/>\t\t\t\t\t\t\t\t\t\t\t\t\t\t\t<\/div>\n\t\t\t\t<div class=\"elementor-element elementor-element-5ec30b8 elementor-widget elementor-widget-button\" data-id=\"5ec30b8\" data-element_type=\"widget\" data-e-type=\"widget\" data-widget_type=\"button.default\">\n\t\t\t\t\t\t\t\t\t\t<a class=\"elementor-button elementor-button-link elementor-size-sm elementor-animation-push\" href=\"#\">\n\t\t\t\t\t\t<span class=\"elementor-button-content-wrapper\">\n\t\t\t\t\t\t\t\t\t<span class=\"elementor-button-text\">Cours Secondaire M\u00e9thodiste Angr\u00e9<\/span>\n\t\t\t\t\t<\/span>\n\t\t\t\t\t<\/a>\n\t\t\t\t\t\t\t\t<\/div>\n\t\t\t\t<\/div>\n\t\t<div class=\"elementor-element elementor-element-8c3abfd e-con-full e-flex e-con e-child\" data-id=\"8c3abfd\" data-element_type=\"container\" data-e-type=\"container\">\n\t\t\t\t<div class=\"elementor-element elementor-element-a269443 elementor-widget elementor-widget-image\" data-id=\"a269443\" data-element_type=\"widget\" data-e-type=\"widget\" data-widget_type=\"image.default\">\n\t\t\t\t\t\t\t\t\t\t\t\t\t\t\t<img decoding=\"async\" width=\"300\" height=\"300\" src=\"https:\/\/dgem.ci\/wp-content\/uploads\/2026\/03\/COCODY-300x300.jpeg\" class=\"attachment-medium size-medium wp-image-585\" alt=\"\" srcset=\"https:\/\/dgem.ci\/wp-content\/uploads\/2026\/03\/COCODY-300x300.jpeg 300w, https:\/\/dgem.ci\/wp-content\/uploads\/2026\/03\/COCODY-1024x1024.jpeg 1024w, https:\/\/dgem.ci\/wp-content\/uploads\/2026\/03\/COCODY-150x150.jpeg 150w, https:\/\/dgem.ci\/wp-content\/uploads\/2026\/03\/COCODY-768x768.jpeg 768w, https:\/\/dgem.ci\/wp-content\/uploads\/2026\/03\/COCODY-1536x1536.jpeg 1536w, https:\/\/dgem.ci\/wp-content\/uploads\/2026\/03\/COCODY-2048x2048.jpeg 2048w\" sizes=\"(max-width: 300px) 100vw, 300px\" \/>\t\t\t\t\t\t\t\t\t\t\t\t\t\t\t<\/div>\n\t\t\t\t<div class=\"elementor-element elementor-element-289c71c elementor-widget elementor-widget-button\" data-id=\"289c71c\" data-element_type=\"widget\" data-e-type=\"widget\" data-widget_type=\"button.default\">\n\t\t\t\t\t\t\t\t\t\t<a class=\"elementor-button elementor-button-link elementor-size-sm elementor-animation-push\" href=\"#\">\n\t\t\t\t\t\t<span class=\"elementor-button-content-wrapper\">\n\t\t\t\t\t\t\t\t\t<span class=\"elementor-button-text\">Cours Secondaire M\u00e9thodiste Cocody<\/span>\n\t\t\t\t\t<\/span>\n\t\t\t\t\t<\/a>\n\t\t\t\t\t\t\t\t<\/div>\n\t\t\t\t<\/div>\n\t\t<div class=\"elementor-element elementor-element-b6be595 e-con-full e-flex e-con e-child\" data-id=\"b6be595\" data-element_type=\"container\" data-e-type=\"container\">\n\t\t\t\t<div class=\"elementor-element elementor-element-d1144e0 elementor-widget elementor-widget-image\" data-id=\"d1144e0\" data-element_type=\"widget\" data-e-type=\"widget\" data-widget_type=\"image.default\">\n\t\t\t\t\t\t\t\t\t\t\t\t\t\t\t<img loading=\"lazy\" decoding=\"async\" width=\"300\" height=\"300\" src=\"https:\/\/dgem.ci\/wp-content\/uploads\/2026\/03\/DABOU-300x300.jpeg\" class=\"attachment-medium size-medium wp-image-589\" alt=\"\" srcset=\"https:\/\/dgem.ci\/wp-content\/uploads\/2026\/03\/DABOU-300x300.jpeg 300w, https:\/\/dgem.ci\/wp-content\/uploads\/2026\/03\/DABOU-1024x1024.jpeg 1024w, https:\/\/dgem.ci\/wp-content\/uploads\/2026\/03\/DABOU-150x150.jpeg 150w, https:\/\/dgem.ci\/wp-content\/uploads\/2026\/03\/DABOU-768x768.jpeg 768w, https:\/\/dgem.ci\/wp-content\/uploads\/2026\/03\/DABOU-1536x1536.jpeg 1536w, https:\/\/dgem.ci\/wp-content\/uploads\/2026\/03\/DABOU-2048x2048.jpeg 2048w\" sizes=\"(max-width: 300px) 100vw, 300px\" \/>\t\t\t\t\t\t\t\t\t\t\t\t\t\t\t<\/div>\n\t\t\t\t<div class=\"elementor-element elementor-element-7666433 elementor-widget elementor-widget-button\" data-id=\"7666433\" data-element_type=\"widget\" data-e-type=\"widget\" data-widget_type=\"button.default\">\n\t\t\t\t\t\t\t\t\t\t<a class=\"elementor-button elementor-button-link elementor-size-sm elementor-animation-push\" href=\"#\">\n\t\t\t\t\t\t<span class=\"elementor-button-content-wrapper\">\n\t\t\t\t\t\t\t\t\t<span class=\"elementor-button-text\">Cours Secondaire M\u00e9thodiste Dabou<\/span>\n\t\t\t\t\t<\/span>\n\t\t\t\t\t<\/a>\n\t\t\t\t\t\t\t\t<\/div>\n\t\t\t\t<\/div>\n\t\t<div class=\"elementor-element elementor-element-2c413fd e-con-full e-flex e-con e-child\" data-id=\"2c413fd\" data-element_type=\"container\" data-e-type=\"container\">\n\t\t\t\t<div class=\"elementor-element elementor-element-301fca1 elementor-widget elementor-widget-image\" data-id=\"301fca1\" data-element_type=\"widget\" data-e-type=\"widget\" data-widget_type=\"image.default\">\n\t\t\t\t\t\t\t\t\t\t\t\t\t\t\t<img loading=\"lazy\" decoding=\"async\" width=\"300\" height=\"300\" src=\"https:\/\/dgem.ci\/wp-content\/uploads\/2026\/03\/ABENGOUROU-300x300.jpeg\" class=\"attachment-medium size-medium wp-image-588\" alt=\"\" srcset=\"https:\/\/dgem.ci\/wp-content\/uploads\/2026\/03\/ABENGOUROU-300x300.jpeg 300w, https:\/\/dgem.ci\/wp-content\/uploads\/2026\/03\/ABENGOUROU-1024x1024.jpeg 1024w, https:\/\/dgem.ci\/wp-content\/uploads\/2026\/03\/ABENGOUROU-150x150.jpeg 150w, https:\/\/dgem.ci\/wp-content\/uploads\/2026\/03\/ABENGOUROU-768x768.jpeg 768w, https:\/\/dgem.ci\/wp-content\/uploads\/2026\/03\/ABENGOUROU-1536x1536.jpeg 1536w, https:\/\/dgem.ci\/wp-content\/uploads\/2026\/03\/ABENGOUROU-2048x2048.jpeg 2048w\" sizes=\"(max-width: 300px) 100vw, 300px\" \/>\t\t\t\t\t\t\t\t\t\t\t\t\t\t\t<\/div>\n\t\t\t\t<div class=\"elementor-element elementor-element-a8f3dbc elementor-widget elementor-widget-button\" data-id=\"a8f3dbc\" data-element_type=\"widget\" data-e-type=\"widget\" data-widget_type=\"button.default\">\n\t\t\t\t\t\t\t\t\t\t<a class=\"elementor-button elementor-button-link elementor-size-sm elementor-animation-push\" href=\"#\">\n\t\t\t\t\t\t<span class=\"elementor-button-content-wrapper\">\n\t\t\t\t\t\t\t\t\t<span class=\"elementor-button-text\">Cours Secondaire M\u00e9thodiste Jourdain<\/span>\n\t\t\t\t\t<\/span>\n\t\t\t\t\t<\/a>\n\t\t\t\t\t\t\t\t<\/div>\n\t\t\t\t<\/div>\n\t\t<div class=\"elementor-element elementor-element-df7543b e-con-full e-flex e-con e-child\" data-id=\"df7543b\" data-element_type=\"container\" data-e-type=\"container\">\n\t\t\t\t<div class=\"elementor-element elementor-element-3af12bd elementor-widget elementor-widget-image\" data-id=\"3af12bd\" data-element_type=\"widget\" data-e-type=\"widget\" data-widget_type=\"image.default\">\n\t\t\t\t\t\t\t\t\t\t\t\t\t\t\t<img loading=\"lazy\" decoding=\"async\" width=\"300\" height=\"300\" src=\"https:\/\/dgem.ci\/wp-content\/uploads\/2026\/03\/KOUMASSI-300x300.jpeg\" class=\"attachment-medium size-medium wp-image-594\" alt=\"\" srcset=\"https:\/\/dgem.ci\/wp-content\/uploads\/2026\/03\/KOUMASSI-300x300.jpeg 300w, https:\/\/dgem.ci\/wp-content\/uploads\/2026\/03\/KOUMASSI-1024x1024.jpeg 1024w, https:\/\/dgem.ci\/wp-content\/uploads\/2026\/03\/KOUMASSI-150x150.jpeg 150w, https:\/\/dgem.ci\/wp-content\/uploads\/2026\/03\/KOUMASSI-768x768.jpeg 768w, https:\/\/dgem.ci\/wp-content\/uploads\/2026\/03\/KOUMASSI-1536x1536.jpeg 1536w, https:\/\/dgem.ci\/wp-content\/uploads\/2026\/03\/KOUMASSI-2048x2048.jpeg 2048w\" sizes=\"(max-width: 300px) 100vw, 300px\" \/>\t\t\t\t\t\t\t\t\t\t\t\t\t\t\t<\/div>\n\t\t\t\t<div class=\"elementor-element elementor-element-811763f elementor-widget elementor-widget-button\" data-id=\"811763f\" data-element_type=\"widget\" data-e-type=\"widget\" data-widget_type=\"button.default\">\n\t\t\t\t\t\t\t\t\t\t<a class=\"elementor-button elementor-button-link elementor-size-sm elementor-animation-push\" href=\"#\">\n\t\t\t\t\t\t<span class=\"elementor-button-content-wrapper\">\n\t\t\t\t\t\t\t\t\t<span class=\"elementor-button-text\">Cours Secondaire M\u00e9thodiste Koumassi<\/span>\n\t\t\t\t\t<\/span>\n\t\t\t\t\t<\/a>\n\t\t\t\t\t\t\t\t<\/div>\n\t\t\t\t<\/div>\n\t\t<div class=\"elementor-element elementor-element-dc92940 e-con-full e-flex e-con e-child\" data-id=\"dc92940\" data-element_type=\"container\" data-e-type=\"container\">\n\t\t\t\t<div class=\"elementor-element elementor-element-0f469a3 elementor-widget elementor-widget-image\" data-id=\"0f469a3\" data-element_type=\"widget\" data-e-type=\"widget\" data-widget_type=\"image.default\">\n\t\t\t\t\t\t\t\t\t\t\t\t\t\t\t<img loading=\"lazy\" decoding=\"async\" width=\"300\" height=\"300\" src=\"https:\/\/dgem.ci\/wp-content\/uploads\/2026\/03\/NIANGON-300x300.jpeg\" class=\"attachment-medium size-medium wp-image-592\" alt=\"\" srcset=\"https:\/\/dgem.ci\/wp-content\/uploads\/2026\/03\/NIANGON-300x300.jpeg 300w, https:\/\/dgem.ci\/wp-content\/uploads\/2026\/03\/NIANGON-1024x1024.jpeg 1024w, https:\/\/dgem.ci\/wp-content\/uploads\/2026\/03\/NIANGON-150x150.jpeg 150w, https:\/\/dgem.ci\/wp-content\/uploads\/2026\/03\/NIANGON-768x768.jpeg 768w, https:\/\/dgem.ci\/wp-content\/uploads\/2026\/03\/NIANGON-1536x1536.jpeg 1536w, https:\/\/dgem.ci\/wp-content\/uploads\/2026\/03\/NIANGON-2048x2048.jpeg 2048w\" sizes=\"(max-width: 300px) 100vw, 300px\" \/>\t\t\t\t\t\t\t\t\t\t\t\t\t\t\t<\/div>\n\t\t\t\t<div class=\"elementor-element elementor-element-d50be75 elementor-widget elementor-widget-button\" data-id=\"d50be75\" data-element_type=\"widget\" data-e-type=\"widget\" data-widget_type=\"button.default\">\n\t\t\t\t\t\t\t\t\t\t<a class=\"elementor-button elementor-button-link elementor-size-sm elementor-animation-push\" href=\"#\">\n\t\t\t\t\t\t<span class=\"elementor-button-content-wrapper\">\n\t\t\t\t\t\t\t\t\t<span class=\"elementor-button-text\">Cours Secondaire M\u00e9thodiste Niangon<\/span>\n\t\t\t\t\t<\/span>\n\t\t\t\t\t<\/a>\n\t\t\t\t\t\t\t\t<\/div>\n\t\t\t\t<\/div>\n\t\t<div class=\"elementor-element elementor-element-244b8ae e-con-full e-flex e-con e-child\" data-id=\"244b8ae\" data-element_type=\"container\" data-e-type=\"container\">\n\t\t\t\t<div class=\"elementor-element elementor-element-fa27b97 elementor-widget elementor-widget-image\" data-id=\"fa27b97\" data-element_type=\"widget\" data-e-type=\"widget\" data-widget_type=\"image.default\">\n\t\t\t\t\t\t\t\t\t\t\t\t\t\t\t<img loading=\"lazy\" decoding=\"async\" width=\"300\" height=\"300\" src=\"https:\/\/dgem.ci\/wp-content\/uploads\/2026\/03\/PLATEAU-300x300.jpeg\" class=\"attachment-medium size-medium wp-image-591\" alt=\"\" srcset=\"https:\/\/dgem.ci\/wp-content\/uploads\/2026\/03\/PLATEAU-300x300.jpeg 300w, https:\/\/dgem.ci\/wp-content\/uploads\/2026\/03\/PLATEAU-1024x1024.jpeg 1024w, https:\/\/dgem.ci\/wp-content\/uploads\/2026\/03\/PLATEAU-150x150.jpeg 150w, https:\/\/dgem.ci\/wp-content\/uploads\/2026\/03\/PLATEAU-768x768.jpeg 768w, https:\/\/dgem.ci\/wp-content\/uploads\/2026\/03\/PLATEAU-1536x1536.jpeg 1536w, https:\/\/dgem.ci\/wp-content\/uploads\/2026\/03\/PLATEAU-2048x2048.jpeg 2048w\" sizes=\"(max-width: 300px) 100vw, 300px\" \/>\t\t\t\t\t\t\t\t\t\t\t\t\t\t\t<\/div>\n\t\t\t\t<div class=\"elementor-element elementor-element-4472d3d elementor-widget elementor-widget-button\" data-id=\"4472d3d\" data-element_type=\"widget\" data-e-type=\"widget\" data-widget_type=\"button.default\">\n\t\t\t\t\t\t\t\t\t\t<a class=\"elementor-button elementor-button-link elementor-size-sm elementor-animation-push\" href=\"#\">\n\t\t\t\t\t\t<span class=\"elementor-button-content-wrapper\">\n\t\t\t\t\t\t\t\t\t<span class=\"elementor-button-text\">Cours Secondaire M\u00e9thodiste Plateau<\/span>\n\t\t\t\t\t<\/span>\n\t\t\t\t\t<\/a>\n\t\t\t\t\t\t\t\t<\/div>\n\t\t\t\t<\/div>\n\t\t<div class=\"elementor-element elementor-element-8fb3fb8 e-con-full e-flex e-con e-child\" data-id=\"8fb3fb8\" data-element_type=\"container\" data-e-type=\"container\">\n\t\t\t\t<div class=\"elementor-element elementor-element-a27d8ae elementor-widget elementor-widget-image\" data-id=\"a27d8ae\" data-element_type=\"widget\" data-e-type=\"widget\" data-widget_type=\"image.default\">\n\t\t\t\t\t\t\t\t\t\t\t\t\t\t\t<img loading=\"lazy\" decoding=\"async\" width=\"300\" height=\"300\" src=\"https:\/\/dgem.ci\/wp-content\/uploads\/2026\/03\/PMFA-300x300.jpeg\" class=\"attachment-medium size-medium wp-image-590\" alt=\"\" srcset=\"https:\/\/dgem.ci\/wp-content\/uploads\/2026\/03\/PMFA-300x300.jpeg 300w, https:\/\/dgem.ci\/wp-content\/uploads\/2026\/03\/PMFA-1024x1024.jpeg 1024w, https:\/\/dgem.ci\/wp-content\/uploads\/2026\/03\/PMFA-150x150.jpeg 150w, https:\/\/dgem.ci\/wp-content\/uploads\/2026\/03\/PMFA-768x768.jpeg 768w, https:\/\/dgem.ci\/wp-content\/uploads\/2026\/03\/PMFA-1536x1536.jpeg 1536w, https:\/\/dgem.ci\/wp-content\/uploads\/2026\/03\/PMFA-2048x2048.jpeg 2048w\" sizes=\"(max-width: 300px) 100vw, 300px\" \/>\t\t\t\t\t\t\t\t\t\t\t\t\t\t\t<\/div>\n\t\t\t\t<div class=\"elementor-element elementor-element-23dc4a8 elementor-widget elementor-widget-button\" data-id=\"23dc4a8\" data-element_type=\"widget\" data-e-type=\"widget\" data-widget_type=\"button.default\">\n\t\t\t\t\t\t\t\t\t\t<a class=\"elementor-button elementor-button-link elementor-size-sm elementor-animation-push\" href=\"#\">\n\t\t\t\t\t\t<span class=\"elementor-button-content-wrapper\">\n\t\t\t\t\t\t\t\t\t<span class=\"elementor-button-text\">Pensionnat M\u00e9thodiste de Filles d'Anyama<\/span>\n\t\t\t\t\t<\/span>\n\t\t\t\t\t<\/a>\n\t\t\t\t\t\t\t\t<\/div>\n\t\t\t\t<\/div>\n\t\t<div class=\"elementor-element elementor-element-6354800 e-con-full e-flex e-con e-child\" data-id=\"6354800\" data-element_type=\"container\" data-e-type=\"container\">\n\t\t\t\t<div class=\"elementor-element elementor-element-e4a49e5 elementor-widget elementor-widget-image\" data-id=\"e4a49e5\" data-element_type=\"widget\" data-e-type=\"widget\" data-widget_type=\"image.default\">\n\t\t\t\t\t\t\t\t\t\t\t\t\t\t\t<img loading=\"lazy\" decoding=\"async\" width=\"300\" height=\"300\" src=\"https:\/\/dgem.ci\/wp-content\/uploads\/2026\/03\/KOUTE-300x300.jpeg\" class=\"attachment-medium size-medium wp-image-593\" alt=\"\" srcset=\"https:\/\/dgem.ci\/wp-content\/uploads\/2026\/03\/KOUTE-300x300.jpeg 300w, https:\/\/dgem.ci\/wp-content\/uploads\/2026\/03\/KOUTE-1024x1024.jpeg 1024w, https:\/\/dgem.ci\/wp-content\/uploads\/2026\/03\/KOUTE-150x150.jpeg 150w, https:\/\/dgem.ci\/wp-content\/uploads\/2026\/03\/KOUTE-768x768.jpeg 768w, https:\/\/dgem.ci\/wp-content\/uploads\/2026\/03\/KOUTE-1536x1536.jpeg 1536w, https:\/\/dgem.ci\/wp-content\/uploads\/2026\/03\/KOUTE-2048x2048.jpeg 2048w\" sizes=\"(max-width: 300px) 100vw, 300px\" \/>\t\t\t\t\t\t\t\t\t\t\t\t\t\t\t<\/div>\n\t\t\t\t<div class=\"elementor-element elementor-element-720fb65 elementor-widget elementor-widget-button\" data-id=\"720fb65\" data-element_type=\"widget\" data-e-type=\"widget\" data-widget_type=\"button.default\">\n\t\t\t\t\t\t\t\t\t\t<a class=\"elementor-button elementor-button-link elementor-size-sm elementor-animation-push\" href=\"#\">\n\t\t\t\t\t\t<span class=\"elementor-button-content-wrapper\">\n\t\t\t\t\t\t\t\t\t<span class=\"elementor-button-text\">Cours Secondaire M\u00e9thodiste Yopougon<\/span>\n\t\t\t\t\t<\/span>\n\t\t\t\t\t<\/a>\n\t\t\t\t\t\t\t\t<\/div>\n\t\t\t\t<\/div>\n\t\t\t\t\t<\/div>\n\t\t\t\t<\/div>\n\t\t\t\t<\/div>\n\t\t","protected":false},"excerpt":{"rendered":"<p>Secondaire \u00c9TABLISSEMENTS \u00c9coles Secondaires M\u00e9thodistes Cours Secondaire M\u00e9thodiste Adiak\u00e9 Cours Secondaire M\u00e9thodiste Angr\u00e9 Cours Secondaire M\u00e9thodiste Cocody Cours Secondaire M\u00e9thodiste [&hellip;]<\/p>\n","protected":false},"author":1,"featured_media":0,"parent":0,"menu_order":0,"comment_status":"closed","ping_status":"closed","template":"","meta":{"site-sidebar-layout":"no-sidebar","site-content-layout":"","ast-site-content-layout":"full-width-container","site-content-style":"default","site-sidebar-style":"default","ast-global-header-display":"","ast-banner-title-visibility":"","ast-main-header-display":"","ast-hfb-above-header-display":"","ast-hfb-below-header-display":"","ast-hfb-mobile-header-display":"","site-post-title":"disabled","ast-breadcrumbs-content":"","ast-featured-img":"disabled","footer-sml-layout":"","ast-disable-related-posts":"","theme-transparent-header-meta":"","adv-header-id-meta":"","stick-header-meta":"","header-above-stick-meta":"","header-main-stick-meta":"","header-below-stick-meta":"","astra-migrate-meta-layouts":"default","ast-page-background-enabled":"default","ast-page-background-meta":{"desktop":{"background-color":"var(--ast-global-color-5)","background-image":"","background-repeat":"repeat","background-position":"center center","background-size":"auto","background-attachment":"scroll","background-type":"","background-media":"","overlay-type":"","overlay-color":"","overlay-opacity":"","overlay-gradient":""},"tablet":{"background-color":"","background-image":"","background-repeat":"repeat","background-position":"center center","background-size":"auto","background-attachment":"scroll","background-type":"","background-media":"","overlay-type":"","overlay-color":"","overlay-opacity":"","overlay-gradient":""},"mobile":{"background-color":"","background-image":"","background-repeat":"repeat","background-position":"center center","background-size":"auto","background-attachment":"scroll","background-type":"","background-media":"","overlay-type":"","overlay-color":"","overlay-opacity":"","overlay-gradient":""}},"ast-content-background-meta":{"desktop":{"background-color":"var(--ast-global-color-4)","background-image":"","background-repeat":"repeat","background-position":"center center","background-size":"auto","background-attachment":"scroll","background-type":"","background-media":"","overlay-type":"","overlay-color":"","overlay-opacity":"","overlay-gradient":""},"tablet":{"background-color":"var(--ast-global-color-4)","background-image":"","background-repeat":"repeat","background-position":"center center","background-size":"auto","background-attachment":"scroll","background-type":"","background-media":"","overlay-type":"","overlay-color":"","overlay-opacity":"","overlay-gradient":""},"mobile":{"background-color":"var(--ast-global-color-4)","background-image":"","background-repeat":"repeat","background-position":"center center","background-size":"auto","background-attachment":"scroll","background-type":"","background-media":"","overlay-type":"","overlay-color":"","overlay-opacity":"","overlay-gradient":""}},"footnotes":""},"class_list":["post-549","page","type-page","status-publish","hentry"],"_links":{"self":[{"href":"https:\/\/dgem.ci\/wp-json\/wp\/v2\/pages\/549","targetHints":{"allow":["GET"]}}],"collection":[{"href":"https:\/\/dgem.ci\/wp-json\/wp\/v2\/pages"}],"about":[{"href":"https:\/\/dgem.ci\/wp-json\/wp\/v2\/types\/page"}],"author":[{"embeddable":true,"href":"https:\/\/dgem.ci\/wp-json\/wp\/v2\/users\/1"}],"replies":[{"embeddable":true,"href":"https:\/\/dgem.ci\/wp-json\/wp\/v2\/comments?post=549"}],"version-history":[{"count":32,"href":"https:\/\/dgem.ci\/wp-json\/wp\/v2\/pages\/549\/revisions"}],"predecessor-version":[{"id":849,"href":"https:\/\/dgem.ci\/wp-json\/wp\/v2\/pages\/549\/revisions\/849"}],"wp:attachment":[{"href":"https:\/\/dgem.ci\/wp-json\/wp\/v2\/media?parent=549"}],"curies":[{"name":"wp","href":"https:\/\/api.w.org\/{rel}","templated":true}]}}